{"id":2782,"date":"2024-07-04T09:16:39","date_gmt":"2024-07-04T07:16:39","guid":{"rendered":"https:\/\/newws.leibniz-hbi.de\/?page_id=2782"},"modified":"2024-07-15T10:54:45","modified_gmt":"2024-07-15T08:54:45","slug":"our-team","status":"publish","type":"page","link":"https:\/\/leibniz-hbi.de\/en\/institute\/our-team\/","title":{"rendered":"Our Team"},"content":{"rendered":"<p class=\"a5-introduction\">The team of Leibniz Institute for Media Research | Hans-Bredow-Institut introduces itself.<\/p>\n","protected":false},"excerpt":{"rendered":"<p>The team of Leibniz Institute for Media Research | Hans-Bredow-Institut introduces itself.<\/p>\n","protected":false},"author":8,"featured_media":7210,"parent":2916,"menu_order":3,"comment_status":"closed","ping_status":"closed","template":"templates\/hbi-employee-overview.php","meta":{"_acf_changed":false,"footnotes":""},"class_list":["post-2782","page","type-page","status-publish","has-post-thumbnail","hentry"],"acf":[],"yoast_head":"<!-- This site is optimized with the Yoast SEO Premium plugin v27.2 (Yoast SEO v27.4) - https:\/\/yoast.com\/product\/yoast-seo-premium-wordpress\/ -->\n<title>Our Team - Leibniz Institut f\u00fcr Medienforschung | Leibniz Institute for Media Research<\/title>\n<meta name=\"description\" content=\"The team of Leibniz Institute for Media Research introduces itself.\" \/>\n<meta name=\"robots\" content=\"index, follow, max-snippet:-1, max-image-preview:large, max-video-preview:-1\" \/>\n<link rel=\"canonical\" href=\"https:\/\/leibniz-hbi.de\/en\/institute\/our-team\/\" \/>\n<meta property=\"og:locale\" content=\"en_US\" \/>\n<meta property=\"og:type\" content=\"article\" \/>\n<meta property=\"og:title\" content=\"Our Team\" \/>\n<meta property=\"og:description\" content=\"The team of Leibniz Institute for Media Research introduces itself.\" \/>\n<meta property=\"og:url\" content=\"https:\/\/leibniz-hbi.de\/en\/institute\/our-team\/\" \/>\n<meta property=\"og:site_name\" content=\"Leibniz Institut f\u00fcr Medienforschung | Leibniz Institute for Media Research\" \/>\n<meta property=\"article:modified_time\" content=\"2024-07-15T08:54:45+00:00\" \/>\n<meta property=\"og:image\" content=\"https:\/\/newws.leibniz-hbi.de\/wp-content\/uploads\/2024\/07\/Header-Team_e.jpg\" \/>\n\t<meta property=\"og:image:width\" content=\"1380\" \/>\n\t<meta property=\"og:image:height\" content=\"400\" \/>\n\t<meta property=\"og:image:type\" content=\"image\/jpeg\" \/>\n<meta name=\"twitter:card\" content=\"summary_large_image\" \/>\n<meta name=\"twitter:label1\" content=\"Est. reading time\" \/>\n\t<meta name=\"twitter:data1\" content=\"1 minute\" \/>\n<script type=\"application\/ld+json\" class=\"yoast-schema-graph\">{\"@context\":\"https:\\\/\\\/schema.org\",\"@graph\":[{\"@type\":\"WebPage\",\"@id\":\"https:\\\/\\\/leibniz-hbi.de\\\/en\\\/institute\\\/our-team\\\/\",\"url\":\"https:\\\/\\\/leibniz-hbi.de\\\/en\\\/institute\\\/our-team\\\/\",\"name\":\"Our Team - Leibniz Institut f\u00fcr Medienforschung | Leibniz Institute for Media Research\",\"isPartOf\":{\"@id\":\"https:\\\/\\\/leibniz-hbi.de\\\/en\\\/#website\"},\"primaryImageOfPage\":{\"@id\":\"https:\\\/\\\/leibniz-hbi.de\\\/en\\\/institute\\\/our-team\\\/#primaryimage\"},\"image\":{\"@id\":\"https:\\\/\\\/leibniz-hbi.de\\\/en\\\/institute\\\/our-team\\\/#primaryimage\"},\"thumbnailUrl\":\"https:\\\/\\\/leibniz-hbi.de\\\/wp-content\\\/uploads\\\/2026\\\/01\\\/Header_alle-W30B.jpg\",\"datePublished\":\"2024-07-04T07:16:39+00:00\",\"dateModified\":\"2024-07-15T08:54:45+00:00\",\"description\":\"The team of Leibniz Institute for Media Research introduces itself.\",\"breadcrumb\":{\"@id\":\"https:\\\/\\\/leibniz-hbi.de\\\/en\\\/institute\\\/our-team\\\/#breadcrumb\"},\"inLanguage\":\"en-US\",\"potentialAction\":[{\"@type\":\"ReadAction\",\"target\":[\"https:\\\/\\\/leibniz-hbi.de\\\/en\\\/institute\\\/our-team\\\/\"]}]},{\"@type\":\"ImageObject\",\"inLanguage\":\"en-US\",\"@id\":\"https:\\\/\\\/leibniz-hbi.de\\\/en\\\/institute\\\/our-team\\\/#primaryimage\",\"url\":\"https:\\\/\\\/leibniz-hbi.de\\\/wp-content\\\/uploads\\\/2026\\\/01\\\/Header_alle-W30B.jpg\",\"contentUrl\":\"https:\\\/\\\/leibniz-hbi.de\\\/wp-content\\\/uploads\\\/2026\\\/01\\\/Header_alle-W30B.jpg\",\"width\":1380,\"height\":400,\"caption\":\"Das Team des HBI mit ca. 50 Personen vor der T\u00fcr des Geb\u00e4udes in der Warburgstra\u00dfe 30 B (Stand: Dezember 2025)\"},{\"@type\":\"BreadcrumbList\",\"@id\":\"https:\\\/\\\/leibniz-hbi.de\\\/en\\\/institute\\\/our-team\\\/#breadcrumb\",\"itemListElement\":[{\"@type\":\"ListItem\",\"position\":1,\"name\":\"Homepage\",\"item\":\"https:\\\/\\\/leibniz-hbi.de\\\/en\\\/\"},{\"@type\":\"ListItem\",\"position\":2,\"name\":\"Our Team\"}]},{\"@type\":\"WebSite\",\"@id\":\"https:\\\/\\\/leibniz-hbi.de\\\/en\\\/#website\",\"url\":\"https:\\\/\\\/leibniz-hbi.de\\\/en\\\/\",\"name\":\"Leibniz HBI\",\"description\":\"\",\"publisher\":{\"@id\":\"https:\\\/\\\/leibniz-hbi.de\\\/en\\\/#organization\"},\"potentialAction\":[{\"@type\":\"SearchAction\",\"target\":{\"@type\":\"EntryPoint\",\"urlTemplate\":\"https:\\\/\\\/leibniz-hbi.de\\\/en\\\/?s={search_term_string}\"},\"query-input\":{\"@type\":\"PropertyValueSpecification\",\"valueRequired\":true,\"valueName\":\"search_term_string\"}}],\"inLanguage\":\"en-US\"},{\"@type\":\"Organization\",\"@id\":\"https:\\\/\\\/leibniz-hbi.de\\\/en\\\/#organization\",\"name\":\"Leibniz HBI\",\"url\":\"https:\\\/\\\/leibniz-hbi.de\\\/en\\\/\",\"logo\":{\"@type\":\"ImageObject\",\"inLanguage\":\"en-US\",\"@id\":\"https:\\\/\\\/leibniz-hbi.de\\\/en\\\/#\\\/schema\\\/logo\\\/image\\\/\",\"url\":\"https:\\\/\\\/leibniz-hbi.de\\\/wp-content\\\/uploads\\\/2024\\\/01\\\/HBI_Logo-Kopie-2.png\",\"contentUrl\":\"https:\\\/\\\/leibniz-hbi.de\\\/wp-content\\\/uploads\\\/2024\\\/01\\\/HBI_Logo-Kopie-2.png\",\"width\":462,\"height\":123,\"caption\":\"Leibniz HBI\"},\"image\":{\"@id\":\"https:\\\/\\\/leibniz-hbi.de\\\/en\\\/#\\\/schema\\\/logo\\\/image\\\/\"}}]}<\/script>\n<!-- \/ Yoast SEO Premium plugin. -->","yoast_head_json":{"title":"Our Team - Leibniz Institut f\u00fcr Medienforschung | Leibniz Institute for Media Research","description":"The team of Leibniz Institute for Media Research introduces itself.","robots":{"index":"index","follow":"follow","max-snippet":"max-snippet:-1","max-image-preview":"max-image-preview:large","max-video-preview":"max-video-preview:-1"},"canonical":"https:\/\/leibniz-hbi.de\/en\/institute\/our-team\/","og_locale":"en_US","og_type":"article","og_title":"Our Team","og_description":"The team of Leibniz Institute for Media Research introduces itself.","og_url":"https:\/\/leibniz-hbi.de\/en\/institute\/our-team\/","og_site_name":"Leibniz Institut f\u00fcr Medienforschung | Leibniz Institute for Media Research","article_modified_time":"2024-07-15T08:54:45+00:00","og_image":[{"width":1380,"height":400,"url":"https:\/\/newws.leibniz-hbi.de\/wp-content\/uploads\/2024\/07\/Header-Team_e.jpg","type":"image\/jpeg"}],"twitter_card":"summary_large_image","twitter_misc":{"Est. reading time":"1 minute"},"schema":{"@context":"https:\/\/schema.org","@graph":[{"@type":"WebPage","@id":"https:\/\/leibniz-hbi.de\/en\/institute\/our-team\/","url":"https:\/\/leibniz-hbi.de\/en\/institute\/our-team\/","name":"Our Team - Leibniz Institut f\u00fcr Medienforschung | Leibniz Institute for Media Research","isPartOf":{"@id":"https:\/\/leibniz-hbi.de\/en\/#website"},"primaryImageOfPage":{"@id":"https:\/\/leibniz-hbi.de\/en\/institute\/our-team\/#primaryimage"},"image":{"@id":"https:\/\/leibniz-hbi.de\/en\/institute\/our-team\/#primaryimage"},"thumbnailUrl":"https:\/\/leibniz-hbi.de\/wp-content\/uploads\/2026\/01\/Header_alle-W30B.jpg","datePublished":"2024-07-04T07:16:39+00:00","dateModified":"2024-07-15T08:54:45+00:00","description":"The team of Leibniz Institute for Media Research introduces itself.","breadcrumb":{"@id":"https:\/\/leibniz-hbi.de\/en\/institute\/our-team\/#breadcrumb"},"inLanguage":"en-US","potentialAction":[{"@type":"ReadAction","target":["https:\/\/leibniz-hbi.de\/en\/institute\/our-team\/"]}]},{"@type":"ImageObject","inLanguage":"en-US","@id":"https:\/\/leibniz-hbi.de\/en\/institute\/our-team\/#primaryimage","url":"https:\/\/leibniz-hbi.de\/wp-content\/uploads\/2026\/01\/Header_alle-W30B.jpg","contentUrl":"https:\/\/leibniz-hbi.de\/wp-content\/uploads\/2026\/01\/Header_alle-W30B.jpg","width":1380,"height":400,"caption":"Das Team des HBI mit ca. 50 Personen vor der T\u00fcr des Geb\u00e4udes in der Warburgstra\u00dfe 30 B (Stand: Dezember 2025)"},{"@type":"BreadcrumbList","@id":"https:\/\/leibniz-hbi.de\/en\/institute\/our-team\/#breadcrumb","itemListElement":[{"@type":"ListItem","position":1,"name":"Homepage","item":"https:\/\/leibniz-hbi.de\/en\/"},{"@type":"ListItem","position":2,"name":"Our Team"}]},{"@type":"WebSite","@id":"https:\/\/leibniz-hbi.de\/en\/#website","url":"https:\/\/leibniz-hbi.de\/en\/","name":"Leibniz HBI","description":"","publisher":{"@id":"https:\/\/leibniz-hbi.de\/en\/#organization"},"potentialAction":[{"@type":"SearchAction","target":{"@type":"EntryPoint","urlTemplate":"https:\/\/leibniz-hbi.de\/en\/?s={search_term_string}"},"query-input":{"@type":"PropertyValueSpecification","valueRequired":true,"valueName":"search_term_string"}}],"inLanguage":"en-US"},{"@type":"Organization","@id":"https:\/\/leibniz-hbi.de\/en\/#organization","name":"Leibniz HBI","url":"https:\/\/leibniz-hbi.de\/en\/","logo":{"@type":"ImageObject","inLanguage":"en-US","@id":"https:\/\/leibniz-hbi.de\/en\/#\/schema\/logo\/image\/","url":"https:\/\/leibniz-hbi.de\/wp-content\/uploads\/2024\/01\/HBI_Logo-Kopie-2.png","contentUrl":"https:\/\/leibniz-hbi.de\/wp-content\/uploads\/2024\/01\/HBI_Logo-Kopie-2.png","width":462,"height":123,"caption":"Leibniz HBI"},"image":{"@id":"https:\/\/leibniz-hbi.de\/en\/#\/schema\/logo\/image\/"}}]}},"_links":{"self":[{"href":"https:\/\/leibniz-hbi.de\/en\/wp-json\/wp\/v2\/pages\/2782","targetHints":{"allow":["GET"]}}],"collection":[{"href":"https:\/\/leibniz-hbi.de\/en\/wp-json\/wp\/v2\/pages"}],"about":[{"href":"https:\/\/leibniz-hbi.de\/en\/wp-json\/wp\/v2\/types\/page"}],"author":[{"embeddable":true,"href":"https:\/\/leibniz-hbi.de\/en\/wp-json\/wp\/v2\/users\/8"}],"replies":[{"embeddable":true,"href":"https:\/\/leibniz-hbi.de\/en\/wp-json\/wp\/v2\/comments?post=2782"}],"version-history":[{"count":2,"href":"https:\/\/leibniz-hbi.de\/en\/wp-json\/wp\/v2\/pages\/2782\/revisions"}],"predecessor-version":[{"id":2784,"href":"https:\/\/leibniz-hbi.de\/en\/wp-json\/wp\/v2\/pages\/2782\/revisions\/2784"}],"up":[{"embeddable":true,"href":"https:\/\/leibniz-hbi.de\/en\/wp-json\/wp\/v2\/pages\/2916"}],"wp:featuredmedia":[{"embeddable":true,"href":"https:\/\/leibniz-hbi.de\/en\/wp-json\/wp\/v2\/media\/7210"}],"wp:attachment":[{"href":"https:\/\/leibniz-hbi.de\/en\/wp-json\/wp\/v2\/media?parent=2782"}],"curies":[{"name":"wp","href":"https:\/\/api.w.org\/{rel}","templated":true}]}}